{"id":256,"date":"2023-04-23T21:00:22","date_gmt":"2023-04-23T21:00:22","guid":{"rendered":"https:\/\/wastescapes.com\/?page_id=256"},"modified":"2023-05-09T14:24:27","modified_gmt":"2023-05-09T14:24:27","slug":"smellscapes","status":"publish","type":"page","link":"https:\/\/wastescapes.com\/fr\/smellscapes\/","title":{"rendered":"SmellScapes"},"content":{"rendered":"<div data-elementor-type=\"wp-post\" data-elementor-id=\"256\" class=\"elementor elementor-256\">\n\t\t\t\t\t\t<section data-wpr-sticky-section=\"yes\" data-wpr-position-type=\"sticky\" data-wpr-position-offset=\"0\" data-wpr-position-location=\"top\" data-wpr-sticky-devices=\"desktop_sticky\" data-wpr-custom-breakpoints=\"default\" data-wpr-active-breakpoints=\"mobile_sticky tablet_sticky desktop_sticky\" data-wpr-z-index=\"10\" data-wpr-sticky-hide=\"\" data-wpr-replace-header=\"\" data-wpr-animation-duration=\"\" data-wpr-sticky-type=\"sticky\" class=\"elementor-section elementor-top-section elementor-element elementor-element-4b9e4d67 wpr-sticky-section-yes elementor-section-boxed elementor-section-height-default elementor-section-height-default wpr-particle-no wpr-jarallax-no wpr-parallax-no\" data-id=\"4b9e4d67\" data-element_type=\"section\" data-settings=\"{&quot;background_background&quot;:&quot;classic&quot;,&quot;position_offset&quot;:0,&quot;position_offset_tablet&quot;:0,&quot;position_offset_mobile&quot;:0}\">\n\t\t\t\t\t\t<div class=\"elementor-container elementor-column-gap-default\">\n\t\t\t\t\t<div class=\"elementor-column elementor-col-100 elementor-top-column elementor-element elementor-element-3cb7f99e\" data-id=\"3cb7f99e\" data-element_type=\"column\">\n\t\t\t<div class=\"elementor-widget-wrap elementor-element-populated\">\n\t\t\t\t\t\t<section class=\"elementor-section elementor-inner-section elementor-element elementor-element-64c954fc elementor-section-boxed elementor-section-height-default elementor-section-height-default wpr-particle-no wpr-jarallax-no wpr-parallax-no wpr-sticky-section-no\" data-id=\"64c954fc\" data-element_type=\"section\">\n\t\t\t\t\t\t<div class=\"elementor-container elementor-column-gap-default\">\n\t\t\t\t\t<div class=\"elementor-column elementor-col-50 elementor-inner-column elementor-element elementor-element-6e8b14b7\" data-id=\"6e8b14b7\" data-element_type=\"column\">\n\t\t\t<div class=\"elementor-widget-wrap elementor-element-populated\">\n\t\t\t\t\t\t<div class=\"elementor-element elementor-element-65c2622d elementor-widget elementor-widget-image\" data-id=\"65c2622d\" data-element_type=\"widget\" data-widget_type=\"image.default\">\n\t\t\t\t<div class=\"elementor-widget-container\">\n\t\t\t<style>\/*! elementor - v3.20.0 - 26-03-2024 *\/\n.elementor-widget-image{text-align:center}.elementor-widget-image a{display:inline-block}.elementor-widget-image a img[src$=\".svg\"]{width:48px}.elementor-widget-image img{vertical-align:middle;display:inline-block}<\/style>\t\t\t\t\t\t\t\t\t\t\t<a href=\"https:\/\/wastescapes.com\/fr\/\">\n\t\t\t\t\t\t\t<img decoding=\"async\" src=\"https:\/\/wastescapes.com\/wp-content\/uploads\/2023\/04\/logo-1210x161-1.png\" title=\"logo-1210&#215;161-1.png\" alt=\"logo-1210x161-1.png\" loading=\"lazy\" \/>\t\t\t\t\t\t\t\t<\/a>\n\t\t\t\t\t\t\t\t\t\t\t\t\t<\/div>\n\t\t\t\t<\/div>\n\t\t\t\t\t<\/div>\n\t\t<\/div>\n\t\t\t\t<div class=\"elementor-column elementor-col-50 elementor-inner-column elementor-element elementor-element-787d3add\" data-id=\"787d3add\" data-element_type=\"column\">\n\t\t\t<div class=\"elementor-widget-wrap elementor-element-populated\">\n\t\t\t\t\t\t<div class=\"elementor-element elementor-element-f378e92 wpr-main-menu-align-right wpr-main-menu-align--tabletcenter wpr-sub-icon-angle-down wpr-nav-menu-bp-tablet wpr-main-menu-align--mobilecenter wpr-pointer-none wpr-sub-menu-fx-fade wpr-mobile-menu-full-width wpr-mobile-menu-item-align-center wpr-mobile-toggle-v1 elementor-widget elementor-widget-wpr-nav-menu\" data-id=\"f378e92\" data-element_type=\"widget\" data-settings=\"{&quot;menu_layout&quot;:&quot;horizontal&quot;}\" data-widget_type=\"wpr-nav-menu.default\">\n\t\t\t\t<div class=\"elementor-widget-container\">\n\t\t\t<nav class=\"wpr-nav-menu-container wpr-nav-menu-horizontal\" data-trigger=\"hover\"><ul id=\"menu-1-f378e92\" class=\"wpr-nav-menu\"><li class=\"menu-item menu-item-type-post_type menu-item-object-page menu-item-has-children menu-item-29\"><a aria-haspopup=\"true\" aria-expanded=\"false\" href=\"https:\/\/wastescapes.com\/fr\/app\/\" class=\"wpr-menu-item wpr-pointer-item\">L'application mobile WasteScapes<i class=\"wpr-sub-icon fas\" aria-hidden=\"true\"><\/i><\/a>\n<ul class=\"sub-menu wpr-sub-menu\">\n\t<li class=\"menu-item menu-item-type-post_type menu-item-object-page menu-item-644\"><a href=\"https:\/\/wastescapes.com\/fr\/app\/\" class=\"wpr-sub-menu-item\">L\u2019application mobile<\/a><\/li>\n\t<li class=\"menu-item menu-item-type-post_type menu-item-object-page menu-item-28\"><a href=\"https:\/\/wastescapes.com\/fr\/about-wastescapes\/\" class=\"wpr-sub-menu-item\">\u00c0 propos WasteScapes<\/a><\/li>\n<\/ul>\n<\/li>\n<li class=\"menu-item menu-item-type-post_type menu-item-object-page menu-item-581\"><a href=\"https:\/\/wastescapes.com\/fr\/as-the-gull-flies\/\" class=\"wpr-menu-item wpr-pointer-item\">L\u2019errance du vol<\/a><\/li>\n<li class=\"menu-item menu-item-type-post_type menu-item-object-page menu-item-582\"><a href=\"https:\/\/wastescapes.com\/fr\/not-wasted-land\/\" class=\"wpr-menu-item wpr-pointer-item\">Worth Defending: Montreal&#8217;s (Extra)Ordinary Green Spaces<\/a><\/li>\n<li class=\"trp-language-switcher-container menu-item menu-item-type-post_type menu-item-object-language_switcher current-language-menu-item menu-item-661\"><a href=\"https:\/\/wastescapes.com\/fr\/wp-json\/wp\/v2\/pages\/256\" class=\"wpr-menu-item wpr-pointer-item\"><span data-no-translation><span class=\"trp-ls-language-name\">EN<\/span><\/span><\/a><\/li>\n<\/ul><\/nav><nav class=\"wpr-mobile-nav-menu-container\"><div class=\"wpr-mobile-toggle-wrap\"><div class=\"wpr-mobile-toggle\"><span class=\"wpr-mobile-toggle-line\"><\/span><span class=\"wpr-mobile-toggle-line\"><\/span><span class=\"wpr-mobile-toggle-line\"><\/span><\/div><\/div><ul id=\"mobile-menu-2-f378e92\" class=\"wpr-mobile-nav-menu\"><li class=\"menu-item menu-item-type-post_type menu-item-object-page menu-item-has-children menu-item-29\"><a href=\"https:\/\/wastescapes.com\/fr\/app\/\" class=\"wpr-mobile-menu-item\">L'application mobile WasteScapes<\/a>\n<ul class=\"sub-menu wpr-sub-menu\">\n\t<li class=\"menu-item menu-item-type-post_type menu-item-object-page menu-item-644\"><a href=\"https:\/\/wastescapes.com\/fr\/app\/\" class=\"wpr-mobile-sub-menu-item\">L\u2019application mobile<\/a><\/li>\n\t<li class=\"menu-item menu-item-type-post_type menu-item-object-page menu-item-28\"><a href=\"https:\/\/wastescapes.com\/fr\/about-wastescapes\/\" class=\"wpr-mobile-sub-menu-item\">\u00c0 propos WasteScapes<\/a><\/li>\n<\/ul>\n<\/li>\n<li class=\"menu-item menu-item-type-post_type menu-item-object-page menu-item-581\"><a href=\"https:\/\/wastescapes.com\/fr\/as-the-gull-flies\/\" class=\"wpr-mobile-menu-item\">L\u2019errance du vol<\/a><\/li>\n<li class=\"menu-item menu-item-type-post_type menu-item-object-page menu-item-582\"><a href=\"https:\/\/wastescapes.com\/fr\/not-wasted-land\/\" class=\"wpr-mobile-menu-item\">Worth Defending: Montreal&#8217;s (Extra)Ordinary Green Spaces<\/a><\/li>\n<li class=\"trp-language-switcher-container menu-item menu-item-type-post_type menu-item-object-language_switcher current-language-menu-item menu-item-661\"><a href=\"https:\/\/wastescapes.com\/fr\/wp-json\/wp\/v2\/pages\/256\" class=\"wpr-mobile-menu-item\"><span data-no-translation><span class=\"trp-ls-language-name\">EN<\/span><\/span><\/a><\/li>\n<\/ul><\/nav>\t\t<\/div>\n\t\t\t\t<\/div>\n\t\t\t\t\t<\/div>\n\t\t<\/div>\n\t\t\t\t\t<\/div>\n\t\t<\/section>\n\t\t\t\t\t<\/div>\n\t\t<\/div>\n\t\t\t\t\t<\/div>\n\t\t<\/section>\n\t\t\t\t<section class=\"elementor-section elementor-top-section elementor-element elementor-element-31c73fca elementor-section-full_width elementor-section-height-default elementor-section-height-default wpr-particle-no wpr-jarallax-no wpr-parallax-no\" data-id=\"31c73fca\" data-element_type=\"section\" data-settings=\"{&quot;background_background&quot;:&quot;classic&quot;}\">\n\t\t\t\t\t\t<div class=\"elementor-container elementor-column-gap-default\">\n\t\t\t\t\t<div class=\"elementor-column elementor-col-100 elementor-top-column elementor-element elementor-element-2f51e348\" data-id=\"2f51e348\" data-element_type=\"column\">\n\t\t\t<div class=\"elementor-widget-wrap elementor-element-populated\">\n\t\t\t\t\t\t<div class=\"elementor-element elementor-element-363ed157 elementor-widget elementor-widget-image\" data-id=\"363ed157\" data-element_type=\"widget\" data-widget_type=\"image.default\">\n\t\t\t\t<div class=\"elementor-widget-container\">\n\t\t\t\t\t\t\t\t\t\t\t\t\t<img fetchpriority=\"high\" decoding=\"async\" width=\"2174\" height=\"743\" src=\"https:\/\/wastescapes.com\/wp-content\/uploads\/2023\/04\/smell-header.jpg\" class=\"attachment-full size-full wp-image-288\" alt=\"\" srcset=\"https:\/\/wastescapes.com\/wp-content\/uploads\/2023\/04\/smell-header.jpg 2174w, https:\/\/wastescapes.com\/wp-content\/uploads\/2023\/04\/smell-header-300x103.jpg 300w, https:\/\/wastescapes.com\/wp-content\/uploads\/2023\/04\/smell-header-1030x352.jpg 1030w, https:\/\/wastescapes.com\/wp-content\/uploads\/2023\/04\/smell-header-768x262.jpg 768w, https:\/\/wastescapes.com\/wp-content\/uploads\/2023\/04\/smell-header-1536x525.jpg 1536w, https:\/\/wastescapes.com\/wp-content\/uploads\/2023\/04\/smell-header-2048x700.jpg 2048w, https:\/\/wastescapes.com\/wp-content\/uploads\/2023\/04\/smell-header-1500x513.jpg 1500w, https:\/\/wastescapes.com\/wp-content\/uploads\/2023\/04\/smell-header-705x241.jpg 705w\" sizes=\"(max-width: 2174px) 100vw, 2174px\" \/>\t\t\t\t\t\t\t\t\t\t\t\t\t<\/div>\n\t\t\t\t<\/div>\n\t\t\t\t\t<\/div>\n\t\t<\/div>\n\t\t\t\t\t<\/div>\n\t\t<\/section>\n\t\t\t\t<section class=\"elementor-section elementor-top-section elementor-element elementor-element-1944af22 elementor-section-boxed elementor-section-height-default elementor-section-height-default wpr-particle-no wpr-jarallax-no wpr-parallax-no wpr-sticky-section-no\" data-id=\"1944af22\" data-element_type=\"section\">\n\t\t\t\t\t\t<div class=\"elementor-container elementor-column-gap-default\">\n\t\t\t\t\t<div class=\"elementor-column elementor-col-100 elementor-top-column elementor-element elementor-element-5f0dd3bd\" data-id=\"5f0dd3bd\" data-element_type=\"column\">\n\t\t\t<div class=\"elementor-widget-wrap elementor-element-populated\">\n\t\t\t\t\t\t<div class=\"elementor-element elementor-element-19098c0f elementor-widget elementor-widget-spacer\" data-id=\"19098c0f\" data-element_type=\"widget\" data-widget_type=\"spacer.default\">\n\t\t\t\t<div class=\"elementor-widget-container\">\n\t\t\t<style>\/*! elementor - v3.20.0 - 26-03-2024 *\/\n.elementor-column .elementor-spacer-inner{height:var(--spacer-size)}.e-con{--container-widget-width:100%}.e-con-inner>.elementor-widget-spacer,.e-con>.elementor-widget-spacer{width:var(--container-widget-width,var(--spacer-size));--align-self:var(--container-widget-align-self,initial);--flex-shrink:0}.e-con-inner>.elementor-widget-spacer>.elementor-widget-container,.e-con>.elementor-widget-spacer>.elementor-widget-container{height:100%;width:100%}.e-con-inner>.elementor-widget-spacer>.elementor-widget-container>.elementor-spacer,.e-con>.elementor-widget-spacer>.elementor-widget-container>.elementor-spacer{height:100%}.e-con-inner>.elementor-widget-spacer>.elementor-widget-container>.elementor-spacer>.elementor-spacer-inner,.e-con>.elementor-widget-spacer>.elementor-widget-container>.elementor-spacer>.elementor-spacer-inner{height:var(--container-widget-height,var(--spacer-size))}.e-con-inner>.elementor-widget-spacer.elementor-widget-empty,.e-con>.elementor-widget-spacer.elementor-widget-empty{position:relative;min-height:22px;min-width:22px}.e-con-inner>.elementor-widget-spacer.elementor-widget-empty .elementor-widget-empty-icon,.e-con>.elementor-widget-spacer.elementor-widget-empty .elementor-widget-empty-icon{position:absolute;top:0;bottom:0;left:0;right:0;margin:auto;padding:0;width:22px;height:22px}<\/style>\t\t<div class=\"elementor-spacer\">\n\t\t\t<div class=\"elementor-spacer-inner\"><\/div>\n\t\t<\/div>\n\t\t\t\t<\/div>\n\t\t\t\t<\/div>\n\t\t\t\t<div class=\"elementor-element elementor-element-29d7f753 elementor-widget elementor-widget-heading\" data-id=\"29d7f753\" data-element_type=\"widget\" data-widget_type=\"heading.default\">\n\t\t\t\t<div class=\"elementor-widget-container\">\n\t\t\t<style>\/*! elementor - v3.20.0 - 26-03-2024 *\/\n.elementor-heading-title{padding:0;margin:0;line-height:1}.elementor-widget-heading .elementor-heading-title[class*=elementor-size-]>a{color:inherit;font-size:inherit;line-height:inherit}.elementor-widget-heading .elementor-heading-title.elementor-size-small{font-size:15px}.elementor-widget-heading .elementor-heading-title.elementor-size-medium{font-size:19px}.elementor-widget-heading .elementor-heading-title.elementor-size-large{font-size:29px}.elementor-widget-heading .elementor-heading-title.elementor-size-xl{font-size:39px}.elementor-widget-heading .elementor-heading-title.elementor-size-xxl{font-size:59px}<\/style><h1 class=\"elementor-heading-title elementor-size-default\">SmellScapes<\/h1>\t\t<\/div>\n\t\t\t\t<\/div>\n\t\t\t\t<div class=\"elementor-element elementor-element-5379b07 elementor-widget elementor-widget-text-editor\" data-id=\"5379b07\" data-element_type=\"widget\" data-widget_type=\"text-editor.default\">\n\t\t\t\t<div class=\"elementor-widget-container\">\n\t\t\t<style>\/*! elementor - v3.20.0 - 26-03-2024 *\/\n.elementor-widget-text-editor.elementor-drop-cap-view-stacked .elementor-drop-cap{background-color:#69727d;color:#fff}.elementor-widget-text-editor.elementor-drop-cap-view-framed .elementor-drop-cap{color:#69727d;border:3px solid;background-color:transparent}.elementor-widget-text-editor:not(.elementor-drop-cap-view-default) .elementor-drop-cap{margin-top:8px}.elementor-widget-text-editor:not(.elementor-drop-cap-view-default) .elementor-drop-cap-letter{width:1em;height:1em}.elementor-widget-text-editor .elementor-drop-cap{float:left;text-align:center;line-height:1;font-size:50px}.elementor-widget-text-editor .elementor-drop-cap-letter{display:inline-block}<\/style>\t\t\t\t<p>L'odeurs des infrastructures<\/p>\t\t\t\t\t\t<\/div>\n\t\t\t\t<\/div>\n\t\t\t\t<section class=\"elementor-section elementor-inner-section elementor-element elementor-element-232d9aa0 elementor-section-boxed elementor-section-height-default elementor-section-height-default wpr-particle-no wpr-jarallax-no wpr-parallax-no wpr-sticky-section-no\" data-id=\"232d9aa0\" data-element_type=\"section\">\n\t\t\t\t\t\t<div class=\"elementor-container elementor-column-gap-default\">\n\t\t\t\t\t<div class=\"elementor-column elementor-col-100 elementor-inner-column elementor-element elementor-element-3285beee\" data-id=\"3285beee\" data-element_type=\"column\">\n\t\t\t<div class=\"elementor-widget-wrap elementor-element-populated\">\n\t\t\t\t\t\t<div class=\"elementor-element elementor-element-383ac270 elementor-widget elementor-widget-text-editor\" data-id=\"383ac270\" data-element_type=\"widget\" data-widget_type=\"text-editor.default\">\n\t\t\t\t<div class=\"elementor-widget-container\">\n\t\t\t\t\t\t\t<p><span style=\"font-weight: 400;\">Les d\u00e9chets, et les infrastructures qui les traitent, sont souvent et volontairement dissimul\u00e9s aux regards - mais la vue n'est pas le seul sens avec lequel nous pouvons les percevoir. Notre capacit\u00e9 \u00e0 sentir les d\u00e9chets, m\u00eame lorsque ceux-ci ne sont pas visibles, a \u00e9t\u00e9 un facteur d\u00e9terminant dans l'\u00e9volution des villes et de leurs syst\u00e8mes de gestion de d\u00e9chets.\u00a0<\/span><\/p><p><span style=\"font-weight: 400;\">Ce projet explore les intersections entre les odeurs per\u00e7ues dans les espaces urbains et les syst\u00e8mes de gestion sanitaire, en plongeant dans l'histoire sensorielle des sites d'enfouissement, des stations d'\u00e9puration des eaux et m\u00eame de la pollution atmosph\u00e9rique de Montr\u00e9al. Il propose \u00e9galement des outils permettant aux r\u00e9sidents d'en apprendre davantage sur la fa\u00e7on de prendre conscience des infrastructures par le biais de l\u2019odorat. <\/span><\/p>\t\t\t\t\t\t<\/div>\n\t\t\t\t<\/div>\n\t\t\t\t\t<\/div>\n\t\t<\/div>\n\t\t\t\t\t<\/div>\n\t\t<\/section>\n\t\t\t\t<div class=\"elementor-element elementor-element-1ec6b960 elementor-widget elementor-widget-spacer\" data-id=\"1ec6b960\" data-element_type=\"widget\" data-widget_type=\"spacer.default\">\n\t\t\t\t<div class=\"elementor-widget-container\">\n\t\t\t\t\t<div class=\"elementor-spacer\">\n\t\t\t<div class=\"elementor-spacer-inner\"><\/div>\n\t\t<\/div>\n\t\t\t\t<\/div>\n\t\t\t\t<\/div>\n\t\t\t\t\t<\/div>\n\t\t<\/div>\n\t\t\t\t\t<\/div>\n\t\t<\/section>\n\t\t\t\t<section class=\"elementor-section elementor-top-section elementor-element elementor-element-1a29e834 elementor-section-boxed elementor-section-height-default elementor-section-height-default wpr-particle-no wpr-jarallax-no wpr-parallax-no\" data-id=\"1a29e834\" data-element_type=\"section\" data-settings=\"{&quot;background_background&quot;:&quot;classic&quot;}\">\n\t\t\t\t\t\t<div class=\"elementor-container elementor-column-gap-default\">\n\t\t\t\t\t<div class=\"elementor-column elementor-col-33 elementor-top-column elementor-element elementor-element-57885bd1\" data-id=\"57885bd1\" data-element_type=\"column\">\n\t\t\t<div class=\"elementor-widget-wrap elementor-element-populated\">\n\t\t\t\t\t\t<div class=\"elementor-element elementor-element-19290da8 elementor-widget elementor-widget-spacer\" data-id=\"19290da8\" data-element_type=\"widget\" data-widget_type=\"spacer.default\">\n\t\t\t\t<div class=\"elementor-widget-container\">\n\t\t\t\t\t<div class=\"elementor-spacer\">\n\t\t\t<div class=\"elementor-spacer-inner\"><\/div>\n\t\t<\/div>\n\t\t\t\t<\/div>\n\t\t\t\t<\/div>\n\t\t\t\t<div class=\"elementor-element elementor-element-51f7a8b1 elementor-widget elementor-widget-text-editor\" data-id=\"51f7a8b1\" data-element_type=\"widget\" data-widget_type=\"text-editor.default\">\n\t\t\t\t<div class=\"elementor-widget-container\">\n\t\t\t\t\t\t\t<p>WasteScapes a \u00e9t\u00e9 cr\u00e9\u00e9 par des \u00e9tudiants et des professeurs de l'Universit\u00e9 Concordia \u00e0 Tioh:ti\u00e1ke\/Montr\u00e9al, avec le soutien de Concordia et un bourse de \u201cConnection,\u201d de Conseil de recherche en sciences humaines, Canada.<\/p>\t\t\t\t\t\t<\/div>\n\t\t\t\t<\/div>\n\t\t\t\t\t<\/div>\n\t\t<\/div>\n\t\t\t\t<div class=\"elementor-column elementor-col-33 elementor-top-column elementor-element elementor-element-5f543377\" data-id=\"5f543377\" data-element_type=\"column\">\n\t\t\t<div class=\"elementor-widget-wrap\">\n\t\t\t\t\t\t\t<\/div>\n\t\t<\/div>\n\t\t\t\t<div class=\"elementor-column elementor-col-33 elementor-top-column elementor-element elementor-element-4007326f\" data-id=\"4007326f\" data-element_type=\"column\">\n\t\t\t<div class=\"elementor-widget-wrap elementor-element-populated\">\n\t\t\t\t\t\t<div class=\"elementor-element elementor-element-5abea700 elementor-widget elementor-widget-spacer\" data-id=\"5abea700\" data-element_type=\"widget\" data-widget_type=\"spacer.default\">\n\t\t\t\t<div class=\"elementor-widget-container\">\n\t\t\t\t\t<div class=\"elementor-spacer\">\n\t\t\t<div class=\"elementor-spacer-inner\"><\/div>\n\t\t<\/div>\n\t\t\t\t<\/div>\n\t\t\t\t<\/div>\n\t\t\t\t<div class=\"elementor-element elementor-element-167c1820 elementor-widget elementor-widget-text-editor\" data-id=\"167c1820\" data-element_type=\"widget\" data-widget_type=\"text-editor.default\">\n\t\t\t\t<div class=\"elementor-widget-container\">\n\t\t\t\t\t\t\t<p><u><a style=\"color: #e6e7de;\" href=\"https:\/\/www.concordia.ca\/faculty\/elizabeth-l-miller.html\">Contact<\/a><br><a style=\"color: #e6e7de;\" href=\"https:\/\/wastescapes.com\/fr\/privacy-policy\/\">Politique de confidentialit\u00e9<\/a><\/u><br><\/p>\t\t\t\t\t\t<\/div>\n\t\t\t\t<\/div>\n\t\t\t\t\t<\/div>\n\t\t<\/div>\n\t\t\t\t\t<\/div>\n\t\t<\/section>\n\t\t\t\t<\/div>","protected":false},"excerpt":{"rendered":"<p>WasteScapes App App About WasteScapes As the Gull Flies Not Waste(d) Land FR WasteScapes App App About WasteScapes As the Gull Flies Not Waste(d) Land FR SmellScapes Smelling Invisible Infrastructures Waste, and the infrastructures that manage it, are often intentionally kept out of sight&#8211; but vision is not the only sense with which we perceive waste. Our ability to smell waste, even when we can\u2019t see it, has been a factor shaping the evolution of waste systems and cities alike.\u00a0 This project explores the intersections of smell and systems of waste, diving into the sensory histories of Montreal\u2019s landfills, water treatment plants, and even air pollution and offers tools for residents to learn more about how to engage with infrastructure through their own sense of smell. WasteScapes was created by students and faculty at Concordia University in Tioh:ti\u00e1ke\/ Montr\u00e9al with additional support from a Social Sciences &amp; Humanities Research Council, Connection Grant ContactPrivacy Policy<\/p>","protected":false},"author":4,"featured_media":0,"parent":0,"menu_order":0,"comment_status":"closed","ping_status":"closed","template":"elementor_canvas","meta":{"footnotes":""},"class_list":["post-256","page","type-page","status-publish","hentry"],"_links":{"self":[{"href":"https:\/\/wastescapes.com\/fr\/wp-json\/wp\/v2\/pages\/256","targetHints":{"allow":["GET"]}}],"collection":[{"href":"https:\/\/wastescapes.com\/fr\/wp-json\/wp\/v2\/pages"}],"about":[{"href":"https:\/\/wastescapes.com\/fr\/wp-json\/wp\/v2\/types\/page"}],"author":[{"embeddable":true,"href":"https:\/\/wastescapes.com\/fr\/wp-json\/wp\/v2\/users\/4"}],"replies":[{"embeddable":true,"href":"https:\/\/wastescapes.com\/fr\/wp-json\/wp\/v2\/comments?post=256"}],"version-history":[{"count":10,"href":"https:\/\/wastescapes.com\/fr\/wp-json\/wp\/v2\/pages\/256\/revisions"}],"predecessor-version":[{"id":746,"href":"https:\/\/wastescapes.com\/fr\/wp-json\/wp\/v2\/pages\/256\/revisions\/746"}],"wp:attachment":[{"href":"https:\/\/wastescapes.com\/fr\/wp-json\/wp\/v2\/media?parent=256"}],"curies":[{"name":"wp","href":"https:\/\/api.w.org\/{rel}","templated":true}]}}